{"id":258,"date":"2024-01-07T16:45:05","date_gmt":"2024-01-07T16:45:05","guid":{"rendered":"http:\/\/christian-tschanz.local\/?page_id=258"},"modified":"2024-12-20T14:57:57","modified_gmt":"2024-12-20T14:57:57","slug":"about","status":"publish","type":"page","link":"https:\/\/www.christiantschanz.com\/?page_id=258","title":{"rendered":"About"},"content":{"rendered":"\t\t<div data-elementor-type=\"wp-page\" data-elementor-id=\"258\" class=\"elementor elementor-258\">\n\t\t\t\t<div class=\"elementor-element elementor-element-d4d0d4c e-flex e-con-boxed e-con e-parent\" data-id=\"d4d0d4c\" data-element_type=\"container\" data-e-type=\"container\">\n\t\t\t\t\t<div class=\"e-con-inner\">\n\t\t\t\t\t<\/div>\n\t\t\t\t<\/div>\n\t\t<div class=\"elementor-element elementor-element-497543d e-con-full e-flex e-con e-parent\" data-id=\"497543d\" data-element_type=\"container\" data-e-type=\"container\">\n\t\t\t\t<\/div>\n\t\t<div class=\"elementor-element elementor-element-952b894 e-transform e-flex e-con-boxed e-con e-parent\" data-id=\"952b894\" data-element_type=\"container\" data-e-type=\"container\" data-settings=\"{&quot;background_background&quot;:&quot;slideshow&quot;,&quot;background_slideshow_gallery&quot;:[{&quot;id&quot;:1246,&quot;url&quot;:&quot;http:\\\/\\\/christian-tschanz.local\\\/wp-content\\\/uploads\\\/2024\\\/02\\\/c20.jpeg&quot;}],&quot;background_slideshow_slide_duration&quot;:5000,&quot;background_slideshow_slide_transition&quot;:&quot;fade&quot;,&quot;background_slideshow_transition_duration&quot;:500,&quot;_transform_translateX_effect&quot;:{&quot;unit&quot;:&quot;px&quot;,&quot;size&quot;:&quot;&quot;,&quot;sizes&quot;:[]},&quot;_transform_translateX_effect_tablet&quot;:{&quot;unit&quot;:&quot;px&quot;,&quot;size&quot;:&quot;&quot;,&quot;sizes&quot;:[]},&quot;_transform_translateX_effect_mobile&quot;:{&quot;unit&quot;:&quot;px&quot;,&quot;size&quot;:&quot;&quot;,&quot;sizes&quot;:[]},&quot;_transform_translateY_effect&quot;:{&quot;unit&quot;:&quot;px&quot;,&quot;size&quot;:&quot;&quot;,&quot;sizes&quot;:[]},&quot;_transform_translateY_effect_tablet&quot;:{&quot;unit&quot;:&quot;px&quot;,&quot;size&quot;:&quot;&quot;,&quot;sizes&quot;:[]},&quot;_transform_translateY_effect_mobile&quot;:{&quot;unit&quot;:&quot;px&quot;,&quot;size&quot;:&quot;&quot;,&quot;sizes&quot;:[]}}\">\n\t\t\t\t\t<div class=\"e-con-inner\">\n\t\t<div class=\"elementor-element elementor-element-c4dc6e5 e-con-full e-flex e-con e-child\" data-id=\"c4dc6e5\" data-element_type=\"container\" data-e-type=\"container\">\n\t\t\t\t<div class=\"elementor-element elementor-element-f9fd157 elementor-widget elementor-widget-heading\" data-id=\"f9fd157\" data-element_type=\"widget\" data-e-type=\"widget\" data-widget_type=\"heading.default\">\n\t\t\t\t<div class=\"elementor-widget-container\">\n\t\t\t\t\t<h2 class=\"elementor-heading-title elementor-size-default\">About FR<\/h2>\t\t\t\t<\/div>\n\t\t\t\t<\/div>\n\t\t\t\t<div class=\"elementor-element elementor-element-92f492c elementor-widget elementor-widget-text-editor\" data-id=\"92f492c\" data-element_type=\"widget\" data-e-type=\"widget\" data-widget_type=\"text-editor.default\">\n\t\t\t\t<div class=\"elementor-widget-container\">\n\t\t\t\t\t\t\t\t\t<p><b>Christian Tschanz en direct \u2013 prenez place, \u00e9coutez, appr\u00e9ciez.<\/b><span style=\"font-weight: 400;\">\u00a0<\/span><\/p><p><span style=\"font-weight: 400;\">Quand Christian Tschanz attrape sa guitare, quand il fait sonner les cordes et qu&#8217;il se met \u00e0 chanter, tout est l\u00e0\u00a0! Le chanteur passionn\u00e9 partage sur son album <\/span><b><i>Glendora<\/i><\/b><span style=\"font-weight: 400;\">, ses souvenirs, ses histoires et ses r\u00e9flexions.\u00a0<\/span><\/p><p><span style=\"font-weight: 400;\">En duo live, il capte son public dans une atmosph\u00e8re naturelle et intimiste. Contrairement \u00e0 l&#8217;album, o\u00f9 ses chansons ont \u00e9t\u00e9 produites par un groupe, on a la chance de les entendre \u00e0 l\u2019\u00e9tat pur,\u00a0 comme s\u2019il venait de les \u00e9crire. Ce que l\u2019artiste pr\u00e9f\u00e8re par dessus tout, c\u2019est la proximit\u00e9 du public et son feedback direct. <\/span><\/p><p><b>Une musique qui va droit au c\u0153ur. C\u2019est ce qu&#8217;on trouve dans le 5\u00e8me album du musicien, compositeur et chansonnier Christian Tschanz. Les chansons en fran\u00e7ais et en bernois, sont \u00e0 la fois pensives, pleines de questions ou de r\u00e9cits de la vie. Chaque mot et proche et personnel de chacune et chacun, qui tend l&#8217;oreille.\u00a0<\/b><\/p><p><span style=\"font-weight: 400;\">Christian Tschanz a quitt\u00e9 Thoune sa ville natale, \u00e0 l&#8217;\u00e2ge de 17, ans pour sa ville de c\u0153ur, sa patrie de choix: Avenches.\u00a0 Dans la m\u00eame ann\u00e9e, o\u00f9 il a sorti son premier single, il pouvait accueillir avec sa femme Isabelle leur premier enfant. \u00c7a fait un bail. Entre-temps les deux parents n&#8217;ont pas ch\u00f4m\u00e9, la &#8220;petite&#8221; famille compte d\u00e9sormais 8 enfants, 30 ann\u00e9es de vie commune avec Isabelle et musicalement 5 albums, qui racontent plein d&#8217;histoires tristes comme joyeuses, des exp\u00e9riences impressionnantes, des souvenirs profonds et autant de r\u00eaves r\u00e9alis\u00e9s et d&#8217;autres, qui attendent de l&#8217;\u00eatre. <\/span><\/p>\t\t\t\t\t\t\t\t<\/div>\n\t\t\t\t<\/div>\n\t\t\t\t<\/div>\n\t\t<div class=\"elementor-element elementor-element-2cac294 e-con-full e-flex e-con e-child\" data-id=\"2cac294\" data-element_type=\"container\" data-e-type=\"container\">\n\t\t\t\t<div class=\"elementor-element elementor-element-fde2d0f elementor-widget elementor-widget-heading\" data-id=\"fde2d0f\" data-element_type=\"widget\" data-e-type=\"widget\" data-widget_type=\"heading.default\">\n\t\t\t\t<div class=\"elementor-widget-container\">\n\t\t\t\t\t<h2 class=\"elementor-heading-title elementor-size-default\">About DE<\/h2>\t\t\t\t<\/div>\n\t\t\t\t<\/div>\n\t\t\t\t<div class=\"elementor-element elementor-element-2cd3b4c elementor-widget elementor-widget-text-editor\" data-id=\"2cd3b4c\" data-element_type=\"widget\" data-e-type=\"widget\" data-widget_type=\"text-editor.default\">\n\t\t\t\t<div class=\"elementor-widget-container\">\n\t\t\t\t\t\t\t\t\t<p><b>Christian Tschanz live \u2013 Platz nehmen, zuh\u00f6ren, geniessen.<\/b><\/p><p><span style=\"font-weight: 400;\">Wenn Christian Tschanz zur Gitarre greift und zum Klang der Seiten zu singen beginnt, ist f\u00fcr sein Publikum Zeit, einfach nur zu geniessen. Der leidenschaftliche Singer-Songwriter teilt auf seinem Album Glendora seine Erlebnisse, Geschichten und Gedanken mit allen, die ihm zuh\u00f6ren m\u00f6chten.\u00a0<\/span><\/p><p><span style=\"font-weight: 400;\">Live im Duo mit Andreas Sigrist zieht er sein Publikum mit intimer Atmosph\u00e4re und Nat\u00fcrlichkeit in den Bann. Im Gegensatz zum Album, auf dem seine neuen Songs von einer Band eingespielt und produziert wurden, h\u00f6rt sein Live-Publikum sie nackt \u2013 so, wie er sie geschrieben hat. Genau das liebt Tschanz an Konzerten: Echtheit. Die N\u00e4he zum Publikum und das direkte, ungeschminkte Feedback. <\/span><\/p><p><b>Musik, die das Herz ber\u00fchrt. Die gibt es auf dem 5. Album von Singer-Songwriter Christian Tschanz zu h\u00f6ren. Auf Franz\u00f6sisch und in Berndeutsch erz\u00e4hlen seine neuen Songs Geschichten aus dem Leben. Mal nachdenklich, mal fragend, mal erz\u00e4hlend. Und dabei in jedem Wort sehr pers\u00f6nlich und nah.\u00a0<\/b><\/p><p><span style=\"font-weight: 400;\">Der in Thun geborene Musiker Christian Tschanz zog mit 17 Jahren in seine heutige Wahlheimat Avenches. Er ver\u00f6ffentlichte im selben Jahr seine erste Single, in dem er und seine Frau Isabelle zum ersten Mal Eltern wurden. Das ist lange her. Inzwischen sind es acht Kinder, 5 Alben und 30 Jahre mit Isabelle \u2013 daraus entstanden sind unz\u00e4hlige Geschichten, sch\u00f6ne und traurige, eindr\u00fcckliche Erfahrungen, pr\u00e4gende Erlebnisse und ebenso viele Tr\u00e4ume, die erf\u00fcllt wurden, wie solche, die noch darauf warten, wahr zu werden.<\/span><\/p>\t\t\t\t\t\t\t\t<\/div>\n\t\t\t\t<\/div>\n\t\t\t\t<\/div>\n\t\t\t\t\t<\/div>\n\t\t\t\t<\/div>\n\t\t<div class=\"elementor-element elementor-element-1d50491 e-flex e-con-boxed e-con e-parent\" data-id=\"1d50491\" data-element_type=\"container\" data-e-type=\"container\">\n\t\t\t\t\t<div class=\"e-con-inner\">\n\t\t\t\t<div class=\"elementor-element elementor-element-e2c7f2e elementor-widget elementor-widget-heading\" data-id=\"e2c7f2e\" data-element_type=\"widget\" data-e-type=\"widget\" data-widget_type=\"heading.default\">\n\t\t\t\t<div class=\"elementor-widget-container\">\n\t\t\t\t\t<h2 class=\"elementor-heading-title elementor-size-default\">Partners\n<\/h2>\t\t\t\t<\/div>\n\t\t\t\t<\/div>\n\t\t\t\t\t<\/div>\n\t\t\t\t<\/div>\n\t\t<div class=\"elementor-element elementor-element-ee6128e e-flex e-con-boxed e-con e-parent\" data-id=\"ee6128e\" data-element_type=\"container\" data-e-type=\"container\">\n\t\t\t\t\t<div class=\"e-con-inner\">\n\t\t\t\t<div class=\"elementor-element elementor-element-7b1f388 elementor-widget elementor-widget-image\" data-id=\"7b1f388\" data-element_type=\"widget\" data-e-type=\"widget\" data-widget_type=\"image.default\">\n\t\t\t\t<div class=\"elementor-widget-container\">\n\t\t\t\t\t\t\t\t\t\t\t\t\t\t\t<img fetchpriority=\"high\" decoding=\"async\" width=\"426\" height=\"210\" src=\"https:\/\/www.christiantschanz.com\/wp-content\/uploads\/2024\/02\/1424@2x.jpg\" class=\"attachment-large size-large wp-image-1723\" alt=\"\" srcset=\"https:\/\/www.christiantschanz.com\/wp-content\/uploads\/2024\/02\/1424@2x.jpg 426w, https:\/\/www.christiantschanz.com\/wp-content\/uploads\/2024\/02\/1424@2x-300x148.jpg 300w\" sizes=\"(max-width: 426px) 100vw, 426px\" \/>\t\t\t\t\t\t\t\t\t\t\t\t\t\t\t<\/div>\n\t\t\t\t<\/div>\n\t\t\t\t<div class=\"elementor-element elementor-element-8789eb9 elementor-widget elementor-widget-image\" data-id=\"8789eb9\" data-element_type=\"widget\" data-e-type=\"widget\" data-widget_type=\"image.default\">\n\t\t\t\t<div class=\"elementor-widget-container\">\n\t\t\t\t\t\t\t\t\t\t\t\t\t\t\t<img decoding=\"async\" width=\"468\" height=\"280\" src=\"https:\/\/www.christiantschanz.com\/wp-content\/uploads\/2024\/02\/1423@2x.jpg\" class=\"attachment-large size-large wp-image-1722\" alt=\"\" srcset=\"https:\/\/www.christiantschanz.com\/wp-content\/uploads\/2024\/02\/1423@2x.jpg 468w, https:\/\/www.christiantschanz.com\/wp-content\/uploads\/2024\/02\/1423@2x-300x179.jpg 300w\" sizes=\"(max-width: 468px) 100vw, 468px\" \/>\t\t\t\t\t\t\t\t\t\t\t\t\t\t\t<\/div>\n\t\t\t\t<\/div>\n\t\t\t\t<div class=\"elementor-element elementor-element-a314957 elementor-widget elementor-widget-image\" data-id=\"a314957\" data-element_type=\"widget\" data-e-type=\"widget\" data-widget_type=\"image.default\">\n\t\t\t\t<div class=\"elementor-widget-container\">\n\t\t\t\t\t\t\t\t\t\t\t\t\t\t\t<img decoding=\"async\" width=\"548\" height=\"186\" src=\"https:\/\/www.christiantschanz.com\/wp-content\/uploads\/2024\/02\/1422@2x.jpg\" class=\"attachment-large size-large wp-image-1721\" alt=\"\" srcset=\"https:\/\/www.christiantschanz.com\/wp-content\/uploads\/2024\/02\/1422@2x.jpg 548w, https:\/\/www.christiantschanz.com\/wp-content\/uploads\/2024\/02\/1422@2x-300x102.jpg 300w\" sizes=\"(max-width: 548px) 100vw, 548px\" \/>\t\t\t\t\t\t\t\t\t\t\t\t\t\t\t<\/div>\n\t\t\t\t<\/div>\n\t\t\t\t<div class=\"elementor-element elementor-element-76a6b92 elementor-widget elementor-widget-image\" data-id=\"76a6b92\" data-element_type=\"widget\" data-e-type=\"widget\" data-widget_type=\"image.default\">\n\t\t\t\t<div class=\"elementor-widget-container\">\n\t\t\t\t\t\t\t\t\t\t\t\t\t\t\t<img loading=\"lazy\" decoding=\"async\" width=\"308\" height=\"188\" src=\"https:\/\/www.christiantschanz.com\/wp-content\/uploads\/2024\/02\/1417@2x.jpg\" class=\"attachment-large size-large wp-image-1720\" alt=\"\" srcset=\"https:\/\/www.christiantschanz.com\/wp-content\/uploads\/2024\/02\/1417@2x.jpg 308w, https:\/\/www.christiantschanz.com\/wp-content\/uploads\/2024\/02\/1417@2x-300x183.jpg 300w\" sizes=\"(max-width: 308px) 100vw, 308px\" \/>\t\t\t\t\t\t\t\t\t\t\t\t\t\t\t<\/div>\n\t\t\t\t<\/div>\n\t\t\t\t<div class=\"elementor-element elementor-element-9f0774e elementor-widget elementor-widget-image\" data-id=\"9f0774e\" data-element_type=\"widget\" data-e-type=\"widget\" data-widget_type=\"image.default\">\n\t\t\t\t<div class=\"elementor-widget-container\">\n\t\t\t\t\t\t\t\t\t\t\t\t\t\t\t<img loading=\"lazy\" decoding=\"async\" width=\"624\" height=\"136\" src=\"https:\/\/www.christiantschanz.com\/wp-content\/uploads\/2024\/02\/1372@2x.jpg\" class=\"attachment-large size-large wp-image-1719\" alt=\"\" srcset=\"https:\/\/www.christiantschanz.com\/wp-content\/uploads\/2024\/02\/1372@2x.jpg 624w, https:\/\/www.christiantschanz.com\/wp-content\/uploads\/2024\/02\/1372@2x-300x65.jpg 300w\" sizes=\"(max-width: 624px) 100vw, 624px\" \/>\t\t\t\t\t\t\t\t\t\t\t\t\t\t\t<\/div>\n\t\t\t\t<\/div>\n\t\t\t\t\t<\/div>\n\t\t\t\t<\/div>\n\t\t<div class=\"elementor-element elementor-element-e088ae6 e-flex e-con-boxed e-con e-parent\" data-id=\"e088ae6\" data-element_type=\"container\" data-e-type=\"container\">\n\t\t\t\t\t<div class=\"e-con-inner\">\n\t\t\t\t<div class=\"elementor-element elementor-element-13466ee elementor-widget-divider--view-line elementor-widget elementor-widget-divider\" data-id=\"13466ee\" data-element_type=\"widget\" data-e-type=\"widget\" data-widget_type=\"divider.default\">\n\t\t\t\t<div class=\"elementor-widget-container\">\n\t\t\t\t\t\t\t<div class=\"elementor-divider\">\n\t\t\t<span class=\"elementor-divider-separator\">\n\t\t\t\t\t\t<\/span>\n\t\t<\/div>\n\t\t\t\t\t\t<\/div>\n\t\t\t\t<\/div>\n\t\t\t\t\t<\/div>\n\t\t\t\t<\/div>\n\t\t<div class=\"elementor-element elementor-element-9600981 e-flex e-con-boxed e-con e-parent\" data-id=\"9600981\" data-element_type=\"container\" data-e-type=\"container\">\n\t\t\t\t\t<div class=\"e-con-inner\">\n\t\t\t\t<div class=\"elementor-element elementor-element-09cf0b5 elementor-widget elementor-widget-heading\" data-id=\"09cf0b5\" data-element_type=\"widget\" data-e-type=\"widget\" data-widget_type=\"heading.default\">\n\t\t\t\t<div class=\"elementor-widget-container\">\n\t\t\t\t\t<h2 class=\"elementor-heading-title elementor-size-default\">Pictures<\/h2>\t\t\t\t<\/div>\n\t\t\t\t<\/div>\n\t\t\t\t\t<\/div>\n\t\t\t\t<\/div>\n\t\t<div class=\"elementor-element elementor-element-9276609 e-flex e-con-boxed e-con e-parent\" data-id=\"9276609\" data-element_type=\"container\" data-e-type=\"container\">\n\t\t\t\t\t<div class=\"e-con-inner\">\n\t\t<div class=\"elementor-element elementor-element-46bac4c e-flex e-con-boxed e-con e-child\" data-id=\"46bac4c\" data-element_type=\"container\" data-e-type=\"container\">\n\t\t\t\t\t<div class=\"e-con-inner\">\n\t\t\t\t<div class=\"elementor-element elementor-element-4b483f3 elementor-widget elementor-widget-heading\" data-id=\"4b483f3\" data-element_type=\"widget\" data-e-type=\"widget\" data-widget_type=\"heading.default\">\n\t\t\t\t<div class=\"elementor-widget-container\">\n\t\t\t\t\t<h2 class=\"elementor-heading-title elementor-size-default\">Issan Chan<\/h2>\t\t\t\t<\/div>\n\t\t\t\t<\/div>\n\t\t\t\t\t<\/div>\n\t\t\t\t<\/div>\n\t\t<div class=\"elementor-element elementor-element-92ef9c7 e-flex e-con-boxed e-con e-child\" data-id=\"92ef9c7\" data-element_type=\"container\" data-e-type=\"container\">\n\t\t\t\t\t<div class=\"e-con-inner\">\n\t\t\t\t<div class=\"elementor-element elementor-element-0de7d6e elementor-widget elementor-widget-heading\" data-id=\"0de7d6e\" data-element_type=\"widget\" data-e-type=\"widget\" data-widget_type=\"heading.default\">\n\t\t\t\t<div class=\"elementor-widget-container\">\n\t\t\t\t\t<h2 class=\"elementor-heading-title elementor-size-default\">St\u00e9phane Harnisch<\/h2>\t\t\t\t<\/div>\n\t\t\t\t<\/div>\n\t\t\t\t\t<\/div>\n\t\t\t\t<\/div>\n\t\t<div class=\"elementor-element elementor-element-9b63231 e-flex e-con-boxed e-con e-child\" data-id=\"9b63231\" data-element_type=\"container\" data-e-type=\"container\">\n\t\t\t\t\t<div class=\"e-con-inner\">\n\t\t\t\t<div class=\"elementor-element elementor-element-803d145 elementor-widget elementor-widget-heading\" data-id=\"803d145\" data-element_type=\"widget\" data-e-type=\"widget\" data-widget_type=\"heading.default\">\n\t\t\t\t<div class=\"elementor-widget-container\">\n\t\t\t\t\t<h2 class=\"elementor-heading-title elementor-size-default\">Home 49<\/h2>\t\t\t\t<\/div>\n\t\t\t\t<\/div>\n\t\t\t\t\t<\/div>\n\t\t\t\t<\/div>\n\t\t<div class=\"elementor-element elementor-element-06aef44 e-flex e-con-boxed e-con e-child\" data-id=\"06aef44\" data-element_type=\"container\" data-e-type=\"container\">\n\t\t\t\t\t<div class=\"e-con-inner\">\n\t\t\t\t<div class=\"elementor-element elementor-element-d7b7661 elementor-widget elementor-widget-heading\" data-id=\"d7b7661\" data-element_type=\"widget\" data-e-type=\"widget\" data-widget_type=\"heading.default\">\n\t\t\t\t<div class=\"elementor-widget-container\">\n\t\t\t\t\t<h2 class=\"elementor-heading-title elementor-size-default\">Christina L\u00fcscher<\/h2>\t\t\t\t<\/div>\n\t\t\t\t<\/div>\n\t\t\t\t\t<\/div>\n\t\t\t\t<\/div>\n\t\t<div class=\"elementor-element elementor-element-2ef7bd6 e-flex e-con-boxed e-con e-child\" data-id=\"2ef7bd6\" data-element_type=\"container\" data-e-type=\"container\">\n\t\t\t\t\t<div class=\"e-con-inner\">\n\t\t\t\t<div class=\"elementor-element elementor-element-f41a339 elementor-widget elementor-widget-heading\" data-id=\"f41a339\" data-element_type=\"widget\" data-e-type=\"widget\" data-widget_type=\"heading.default\">\n\t\t\t\t<div class=\"elementor-widget-container\">\n\t\t\t\t\t<h2 class=\"elementor-heading-title elementor-size-default\">Roger Grisiger<\/h2>\t\t\t\t<\/div>\n\t\t\t\t<\/div>\n\t\t\t\t\t<\/div>\n\t\t\t\t<\/div>\n\t\t\t\t\t<\/div>\n\t\t\t\t<\/div>\n\t\t<div class=\"elementor-element elementor-element-685982f e-con-full e-flex e-con e-parent\" data-id=\"685982f\" data-element_type=\"container\" data-e-type=\"container\">\n\t\t<div class=\"elementor-element elementor-element-319e188 e-con-full e-flex e-con e-child\" data-id=\"319e188\" data-element_type=\"container\" data-e-type=\"container\" data-settings=\"{&quot;background_background&quot;:&quot;classic&quot;}\">\n\t\t\t\t<div class=\"elementor-element elementor-element-745db65 elementor-arrows-position-outside elementor-pagination-position-outside elementor-widget elementor-widget-image-carousel\" data-id=\"745db65\" data-element_type=\"widget\" data-e-type=\"widget\" data-settings=\"{&quot;pause_on_hover&quot;:&quot;no&quot;,&quot;pause_on_interaction&quot;:&quot;no&quot;,&quot;autoplay_speed&quot;:1700,&quot;speed&quot;:600,&quot;_animation&quot;:&quot;none&quot;,&quot;navigation&quot;:&quot;both&quot;,&quot;autoplay&quot;:&quot;yes&quot;,&quot;infinite&quot;:&quot;yes&quot;}\" data-widget_type=\"image-carousel.default\">\n\t\t\t\t<div class=\"elementor-widget-container\">\n\t\t\t\t\t\t\t<div class=\"elementor-image-carousel-wrapper swiper\" role=\"region\" aria-roledescription=\"carousel\" aria-label=\"Image Carousel\" dir=\"ltr\">\n\t\t\t<div class=\"elementor-image-carousel swiper-wrapper swiper-image-stretch\" aria-live=\"off\">\n\t\t\t\t\t\t\t\t<div class=\"swiper-slide\" role=\"group\" aria-roledescription=\"slide\" aria-label=\"1 of 4\"><figure class=\"swiper-slide-inner\"><img decoding=\"async\" class=\"swiper-slide-image\" src=\"https:\/\/www.christiantschanz.com\/wp-content\/uploads\/elementor\/thumbs\/16663122_1_92-qtrppczfjrnnijpqi8vlz78csnn7j6stv1yaejd7l8.jpg\" alt=\"Glendora - 2019\" \/><\/figure><\/div><div class=\"swiper-slide\" role=\"group\" aria-roledescription=\"slide\" aria-label=\"2 of 4\"><figure class=\"swiper-slide-inner\"><img decoding=\"async\" class=\"swiper-slide-image\" src=\"https:\/\/www.christiantschanz.com\/wp-content\/uploads\/elementor\/thumbs\/c20-qwm15wkiiba49i7s3sg95emaoyq4f2ncyly52racvg.jpeg\" alt=\"c20\" \/><\/figure><\/div><div class=\"swiper-slide\" role=\"group\" aria-roledescription=\"slide\" aria-label=\"3 of 4\"><figure class=\"swiper-slide-inner\"><img decoding=\"async\" class=\"swiper-slide-image\" src=\"https:\/\/www.christiantschanz.com\/wp-content\/uploads\/elementor\/thumbs\/DSC_3395-1536x1024-1-qwm17adykj6bcu7f0vzhbk1q6dwkr154tgivif8hpo.jpg\" alt=\"DSC_3395-1536x1024\" \/><\/figure><\/div><div class=\"swiper-slide\" role=\"group\" aria-roledescription=\"slide\" aria-label=\"4 of 4\"><figure class=\"swiper-slide-inner\"><img decoding=\"async\" class=\"swiper-slide-image\" src=\"https:\/\/www.christiantschanz.com\/wp-content\/uploads\/elementor\/thumbs\/IMG_5130-qwm18mbq92zxsy9s8ypgcpy8h1canlfg01smzj9ewc.jpg\" alt=\"IMG_5130\" \/><\/figure><\/div>\t\t\t<\/div>\n\t\t\t\t\t\t\t\t\t\t\t\t<div class=\"elementor-swiper-button elementor-swiper-button-prev\" role=\"button\" tabindex=\"0\">\n\t\t\t\t\t\t<svg aria-hidden=\"true\" class=\"e-font-icon-svg e-eicon-chevron-left\" viewBox=\"0 0 1000 1000\" xmlns=\"http:\/\/www.w3.org\/2000\/svg\"><path d=\"M646 125C629 125 613 133 604 142L308 442C296 454 292 471 292 487 292 504 296 521 308 533L604 854C617 867 629 875 646 875 663 875 679 871 692 858 704 846 713 829 713 812 713 796 708 779 692 767L438 487 692 225C700 217 708 204 708 187 708 171 704 154 692 142 675 129 663 125 646 125Z\"><\/path><\/svg>\t\t\t\t\t<\/div>\n\t\t\t\t\t<div class=\"elementor-swiper-button elementor-swiper-button-next\" role=\"button\" tabindex=\"0\">\n\t\t\t\t\t\t<svg aria-hidden=\"true\" class=\"e-font-icon-svg e-eicon-chevron-right\" viewBox=\"0 0 1000 1000\" xmlns=\"http:\/\/www.w3.org\/2000\/svg\"><path d=\"M696 533C708 521 713 504 713 487 713 471 708 454 696 446L400 146C388 133 375 125 354 125 338 125 325 129 313 142 300 154 292 171 292 187 292 204 296 221 308 233L563 492 304 771C292 783 288 800 288 817 288 833 296 850 308 863 321 871 338 875 354 875 371 875 388 867 400 854L696 533Z\"><\/path><\/svg>\t\t\t\t\t<\/div>\n\t\t\t\t\n\t\t\t\t\t\t\t\t\t<div class=\"swiper-pagination\"><\/div>\n\t\t\t\t\t\t\t\t\t<\/div>\n\t\t\t\t\t\t<\/div>\n\t\t\t\t<\/div>\n\t\t\t\t<\/div>\n\t\t\t\t<\/div>\n\t\t\t\t<\/div>\n\t\t","protected":false},"excerpt":{"rendered":"<p>About FR Christian Tschanz en direct \u2013 prenez place, \u00e9coutez, appr\u00e9ciez.\u00a0 Quand Christian Tschanz attrape sa guitare, quand il fait sonner les cordes et qu&#8217;il se met \u00e0 chanter, tout est l\u00e0\u00a0! Le chanteur passionn\u00e9 partage sur son album Glendora, ses souvenirs, ses histoires et ses r\u00e9flexions.\u00a0 En duo live, il capte son public dans [&hellip;]<\/p>\n","protected":false},"author":1,"featured_media":0,"parent":0,"menu_order":0,"comment_status":"closed","ping_status":"closed","template":"elementor_header_footer","meta":{"footnotes":""},"class_list":["post-258","page","type-page","status-publish","hentry","entry"],"_links":{"self":[{"href":"https:\/\/www.christiantschanz.com\/index.php?rest_route=\/wp\/v2\/pages\/258","targetHints":{"allow":["GET"]}}],"collection":[{"href":"https:\/\/www.christiantschanz.com\/index.php?rest_route=\/wp\/v2\/pages"}],"about":[{"href":"https:\/\/www.christiantschanz.com\/index.php?rest_route=\/wp\/v2\/types\/page"}],"author":[{"embeddable":true,"href":"https:\/\/www.christiantschanz.com\/index.php?rest_route=\/wp\/v2\/users\/1"}],"replies":[{"embeddable":true,"href":"https:\/\/www.christiantschanz.com\/index.php?rest_route=%2Fwp%2Fv2%2Fcomments&post=258"}],"version-history":[{"count":232,"href":"https:\/\/www.christiantschanz.com\/index.php?rest_route=\/wp\/v2\/pages\/258\/revisions"}],"predecessor-version":[{"id":2258,"href":"https:\/\/www.christiantschanz.com\/index.php?rest_route=\/wp\/v2\/pages\/258\/revisions\/2258"}],"wp:attachment":[{"href":"https:\/\/www.christiantschanz.com\/index.php?rest_route=%2Fwp%2Fv2%2Fmedia&parent=258"}],"curies":[{"name":"wp","href":"https:\/\/api.w.org\/{rel}","templated":true}]}}